{"id":629,"date":"2025-05-20T11:56:58","date_gmt":"2025-05-20T09:56:58","guid":{"rendered":"https:\/\/guinguetteetc.com\/?page_id=629"},"modified":"2025-06-21T11:20:35","modified_gmt":"2025-06-21T09:20:35","slug":"festouilloux-2025","status":"publish","type":"page","link":"https:\/\/guinguetteetc.com\/index.php\/festouilloux-2025\/","title":{"rendered":"Fest&rsquo;Ouilloux 2025"},"content":{"rendered":"\n<p style=\"font-size:25px\"><strong>Les 19 et 20 juillet a Oustouilloux &#8211; 17 route de Mandrin a Larodde 63<\/strong><\/p>\n\n\n\n<div class=\"wp-container-1 wp-block-group\"><div class=\"wp-block-group__inner-container\">\n<p><strong>Samedi a partir de 15h00<\/strong> et <strong>Dimanche \u00e0 partir de 10h00<\/strong><\/p>\n<\/div><\/div>\n\n\n\n<div class=\"wp-container-2 wp-block-buttons\">\n<div class=\"wp-block-button\"><a class=\"wp-block-button__link\" href=\"https:\/\/guinguetteetc.com\/index.php\/programmation\/\"><strong><mark style=\"background-color:rgba(0, 0, 0, 0)\" class=\"has-inline-color has-vivid-green-cyan-color\">Programme<\/mark><\/strong><\/a><\/div>\n<\/div>\n\n\n\n<div class=\"wp-container-3 wp-block-group\"><div class=\"wp-block-group__inner-container\">\n<p><\/p>\n\n\n\n<p>Toutes les activit\u00e9s de l&rsquo;association existent gr\u00e2ce \u00e0 l&rsquo;engagement de ses <strong>b\u00e9n\u00e9voles<\/strong>.<\/p>\n\n\n\n<p>Pour cet \u00e9v\u00e8nement \u00ab\u00a0grand format\u00a0\u00bb toutes les bonnes volont\u00e9s seront les bienvenues.<\/p>\n\n\n\n<p>Il est possible de <strong>s&rsquo;inscrire en avance<\/strong> pour faciliter l&rsquo;organisation.<\/p>\n<\/div><\/div>\n\n\n\n<div class=\"wp-container-4 wp-block-buttons\">\n<div class=\"wp-block-button\"><a class=\"wp-block-button__link\" href=\"https:\/\/framadate.org\/festouilloux\"><mark style=\"background-color:rgba(0, 0, 0, 0)\" class=\"has-inline-color has-vivid-green-cyan-color\"><strong>B\u00e9n\u00e9volat<\/strong><\/mark><\/a><\/div>\n<\/div>\n\n\n\n<p><\/p>\n\n\n\n<p>Cest la deuxi\u00e8me \u00e9dition du Fest&rsquo;Ouilloux sur deux jours et en <strong>partenariat<\/strong> avec l&rsquo;association \u00ab\u00a0Le Poulailler\u00a0\u00bb de Saint Pierre Roche dans le cadre du projet \u00ab\u00a0Transhumance\u00a0\u00bb.<\/p>\n\n\n\n<div class=\"wp-container-5 wp-block-buttons\">\n<div class=\"wp-block-button\"><a class=\"wp-block-button__link\" href=\"https:\/\/www.cabaretlepoulailler.fr\/\" target=\"_blank\" rel=\"noreferrer noopener\"><mark style=\"background-color:rgba(0, 0, 0, 0)\" class=\"has-inline-color has-vivid-green-cyan-color\"><strong>Le Poulailler<\/strong><\/mark><\/a><\/div>\n<\/div>\n\n\n\n<p><strong>Les repas<\/strong> de samedi soir et dimanche midi seront v\u00e9g\u00e9tariens \u00e0 base de l\u00e9gumes du jardin de Sam \u00e0 Oustouilloux, l\u00e9gumineuses d&rsquo;un producteur de la plaine vers Billom, fromages de ch\u00e8vres de La Ribeyre \u00e0 Singles, de Pain de l&rsquo;Epi Curieux de La Bourboule <strong>et de vos desserts<\/strong>.<\/p>\n\n\n\n<p><\/p>\n\n\n\n<p>Buffet le samedi soir et cr\u00eapes et beignets cuits sur rocket stove le dimanche midi.<\/p>\n","protected":false},"excerpt":{"rendered":"<div class=\"slide-text-bg2\"><span>Les 19 et 20 juillet a Oustouilloux &#8211; 17 route de Mandrin a Larodde 63 Samedi a partir de 15h00 et Dimanche \u00e0 partir de 10h00 Toutes les activit\u00e9s <\/span><\/div>\n<div class=\"slide-btn-area-sm\"><a href=\"https:\/\/guinguetteetc.com\/index.php\/festouilloux-2025\/\" class=\"slide-btn-sm\">Lire la suite<\/a><\/div>\n","protected":false},"author":1,"featured_media":0,"parent":0,"menu_order":0,"comment_status":"closed","ping_status":"closed","template":"fullwidth.php","meta":[],"_links":{"self":[{"href":"https:\/\/guinguetteetc.com\/index.php\/wp-json\/wp\/v2\/pages\/629"}],"collection":[{"href":"https:\/\/guinguetteetc.com\/index.php\/wp-json\/wp\/v2\/pages"}],"about":[{"href":"https:\/\/guinguetteetc.com\/index.php\/wp-json\/wp\/v2\/types\/page"}],"author":[{"embeddable":true,"href":"https:\/\/guinguetteetc.com\/index.php\/wp-json\/wp\/v2\/users\/1"}],"replies":[{"embeddable":true,"href":"https:\/\/guinguetteetc.com\/index.php\/wp-json\/wp\/v2\/comments?post=629"}],"version-history":[{"count":12,"href":"https:\/\/guinguetteetc.com\/index.php\/wp-json\/wp\/v2\/pages\/629\/revisions"}],"predecessor-version":[{"id":686,"href":"https:\/\/guinguetteetc.com\/index.php\/wp-json\/wp\/v2\/pages\/629\/revisions\/686"}],"wp:attachment":[{"href":"https:\/\/guinguetteetc.com\/index.php\/wp-json\/wp\/v2\/media?parent=629"}],"curies":[{"name":"wp","href":"https:\/\/api.w.org\/{rel}","templated":true}]}}