{"id":436,"date":"2018-06-04T22:20:00","date_gmt":"2018-06-04T20:20:00","guid":{"rendered":"http:\/\/guinguettedesingles.org\/?page_id=436"},"modified":"2025-09-11T10:23:12","modified_gmt":"2025-09-11T08:23:12","slug":"ateliers","status":"publish","type":"page","link":"https:\/\/guinguetteetc.com\/index.php\/ateliers\/","title":{"rendered":"Ateliers"},"content":{"rendered":"<h3><b>La Guinguette c&rsquo;est surtout ce que les adh\u00e9rents en font \ud83d\ude42<\/b><\/h3>\n<p><strong>Plusieurs adh\u00e9rents ont propos\u00e9 et mis en place des ateliers r\u00e9guliers :<\/strong><\/p>\n<blockquote><p>&gt; Cours de <b>Qi Gong <\/b>tous les mercredis 18h-19h30 (80\u20ac le trimestre) &#8211; \u00e0 la salle des f\u00eates de Larodde &#8211;<span class=\"Apple-converted-space\">avec Florence 06 29 33 71 98<\/span><\/p><\/blockquote>\n<blockquote><p><strong>&gt;<\/strong> Cours de <strong>Yoga<\/strong>\u00a0( 80\u20ac les 10 s\u00e9ances ou 50\u20ac les 5 s\u00e9ances &#8211; valables 6 mois &#8211; ou 12\u20ac la s\u00e9ance ponctuelle ) &#8211; au dojo du complexe sportif de La Tour d&rsquo;Auvergne &#8211; avec Meryt 06 19 56 76 41<\/p>\n<p><strong>Lundi\u00a0<\/strong>18h00-19h15 : hatha holistique yoga<\/p>\n<p><strong>Lundi<\/strong> 19h15-20h00 : yin yoga<\/p>\n<p><strong>Vendredi<\/strong> 18h30-19h45 : hatha holistique yoga<\/p><\/blockquote>\n<p><a href=\"http:\/\/guinguetteetc.com\/wp-content\/uploads\/2025\/05\/Foto-yoga.jpg\"><img loading=\"lazy\" class=\"alignnone size-medium wp-image-627\" src=\"http:\/\/guinguetteetc.com\/wp-content\/uploads\/2025\/05\/Foto-yoga-242x300.jpg\" alt=\"\" width=\"242\" height=\"300\" srcset=\"https:\/\/guinguetteetc.com\/wp-content\/uploads\/2025\/05\/Foto-yoga-242x300.jpg 242w, https:\/\/guinguetteetc.com\/wp-content\/uploads\/2025\/05\/Foto-yoga.jpg 452w\" sizes=\"(max-width: 242px) 100vw, 242px\" \/>\u00a0 <\/a>\u00a0 \u00a0\u00a0<a href=\"http:\/\/guinguetteetc.com\/wp-content\/uploads\/2020\/10\/part000009.jpg\"><img loading=\"lazy\" class=\"alignnone  wp-image-447\" src=\"http:\/\/guinguetteetc.com\/wp-content\/uploads\/2020\/10\/part000009-300x225.jpg\" alt=\"\" width=\"395\" height=\"296\" srcset=\"https:\/\/guinguetteetc.com\/wp-content\/uploads\/2020\/10\/part000009-300x225.jpg 300w, https:\/\/guinguetteetc.com\/wp-content\/uploads\/2020\/10\/part000009.jpg 711w\" sizes=\"(max-width: 395px) 100vw, 395px\" \/><\/a><\/p>\n","protected":false},"excerpt":{"rendered":"<div class=\"slide-text-bg2\"><span>La Guinguette c&rsquo;est surtout ce que les adh\u00e9rents en font \ud83d\ude42 Plusieurs adh\u00e9rents ont propos\u00e9 et mis en place des ateliers r\u00e9guliers : &gt; Cours<\/span><\/div>\n<div class=\"slide-btn-area-sm\"><a href=\"https:\/\/guinguetteetc.com\/index.php\/ateliers\/\" class=\"slide-btn-sm\">Lire la suite<\/a><\/div>\n","protected":false},"author":1,"featured_media":0,"parent":0,"menu_order":5,"comment_status":"closed","ping_status":"closed","template":"","meta":[],"_links":{"self":[{"href":"https:\/\/guinguetteetc.com\/index.php\/wp-json\/wp\/v2\/pages\/436"}],"collection":[{"href":"https:\/\/guinguetteetc.com\/index.php\/wp-json\/wp\/v2\/pages"}],"about":[{"href":"https:\/\/guinguetteetc.com\/index.php\/wp-json\/wp\/v2\/types\/page"}],"author":[{"embeddable":true,"href":"https:\/\/guinguetteetc.com\/index.php\/wp-json\/wp\/v2\/users\/1"}],"replies":[{"embeddable":true,"href":"https:\/\/guinguetteetc.com\/index.php\/wp-json\/wp\/v2\/comments?post=436"}],"version-history":[{"count":20,"href":"https:\/\/guinguetteetc.com\/index.php\/wp-json\/wp\/v2\/pages\/436\/revisions"}],"predecessor-version":[{"id":705,"href":"https:\/\/guinguetteetc.com\/index.php\/wp-json\/wp\/v2\/pages\/436\/revisions\/705"}],"wp:attachment":[{"href":"https:\/\/guinguetteetc.com\/index.php\/wp-json\/wp\/v2\/media?parent=436"}],"curies":[{"name":"wp","href":"https:\/\/api.w.org\/{rel}","templated":true}]}}