{"id":171,"date":"2018-06-04T22:10:43","date_gmt":"2018-06-04T20:10:43","guid":{"rendered":"http:\/\/guinguettedesingles.org\/?page_id=171"},"modified":"2023-03-23T14:26:48","modified_gmt":"2023-03-23T13:26:48","slug":"prix-libre-et-conscient","status":"publish","type":"page","link":"https:\/\/guinguetteetc.com\/index.php\/prix-libre-et-conscient\/","title":{"rendered":"Prix Libre et Conscient"},"content":{"rendered":"<h3><span class=\"Apple-converted-space\">\u00a0<\/span><b>* Prix libre et conscient *<\/b><\/h3>\n<p>La volont\u00e9 de l\u2019association est de proposer ses activit\u00e9s \u00e0 prix libre et conscient.<\/p>\n<p>Nous indiquons syst\u00e9matiquement le co\u00fbt de revient aux participants, mais chacun est libre de donner ce qu\u2019il veut en\u00a0fonction de ses moyens.<\/p>\n<p>Cela garantit l\u2019acc\u00e8s pour tous et au plus grand nombre. Le prix libre et conscient est aussi un outil\u00a0pour attirer l\u2019attention sur le co\u00fbt des choses.<\/p>\n<p>Nous constatons que l\u2019\u00e9quilibre s\u2019op\u00e8re naturellement, notamment entre ceux qui donnent peu et ceux\u00a0qui donnent plus.<\/p>\n<p>La seule \u00ab obligation \u00bb pour participer aux activit\u00e9s et pour consommer est d\u2019\u00eatre adh\u00e9rent de l\u2019association (<em>cotisation \u00e9galement \u00e0 prix libre<\/em>).<\/p>\n<p><a href=\"http:\/\/guinguettedesingles.org\/wp-content\/uploads\/2019\/03\/P4073812.jpg\"><img loading=\"lazy\" class=\"size-medium wp-image-201\" src=\"http:\/\/guinguettedesingles.org\/wp-content\/uploads\/2019\/03\/P4073812-300x225.jpg\" alt=\"\" width=\"300\" height=\"225\" srcset=\"https:\/\/guinguetteetc.com\/wp-content\/uploads\/2019\/03\/P4073812-300x225.jpg 300w, https:\/\/guinguetteetc.com\/wp-content\/uploads\/2019\/03\/P4073812-768x576.jpg 768w, https:\/\/guinguetteetc.com\/wp-content\/uploads\/2019\/03\/P4073812-1024x768.jpg 1024w\" sizes=\"(max-width: 300px) 100vw, 300px\" \/><\/a><\/p>\n<p><a href=\"http:\/\/guinguettedesingles.org\/wp-content\/uploads\/2019\/09\/IMG_20190526_172833.jpg\"><img loading=\"lazy\" class=\"size-medium wp-image-300\" src=\"http:\/\/guinguettedesingles.org\/wp-content\/uploads\/2019\/09\/IMG_20190526_172833-300x225.jpg\" alt=\"\" width=\"300\" height=\"225\" srcset=\"https:\/\/guinguetteetc.com\/wp-content\/uploads\/2019\/09\/IMG_20190526_172833-300x225.jpg 300w, https:\/\/guinguetteetc.com\/wp-content\/uploads\/2019\/09\/IMG_20190526_172833-768x576.jpg 768w, https:\/\/guinguetteetc.com\/wp-content\/uploads\/2019\/09\/IMG_20190526_172833-1024x768.jpg 1024w\" sizes=\"(max-width: 300px) 100vw, 300px\" \/><\/a><\/p>\n","protected":false},"excerpt":{"rendered":"<div class=\"slide-text-bg2\"><span>\u00a0* Prix libre et conscient * La volont\u00e9 de l\u2019association est de proposer ses activit\u00e9s \u00e0 prix libre et conscient. Nous indiquons syst\u00e9matiquement le<\/span><\/div>\n<div class=\"slide-btn-area-sm\"><a href=\"https:\/\/guinguetteetc.com\/index.php\/prix-libre-et-conscient\/\" class=\"slide-btn-sm\">Lire la suite<\/a><\/div>\n","protected":false},"author":1,"featured_media":0,"parent":0,"menu_order":2,"comment_status":"closed","ping_status":"closed","template":"fullwidth.php","meta":[],"_links":{"self":[{"href":"https:\/\/guinguetteetc.com\/index.php\/wp-json\/wp\/v2\/pages\/171"}],"collection":[{"href":"https:\/\/guinguetteetc.com\/index.php\/wp-json\/wp\/v2\/pages"}],"about":[{"href":"https:\/\/guinguetteetc.com\/index.php\/wp-json\/wp\/v2\/types\/page"}],"author":[{"embeddable":true,"href":"https:\/\/guinguetteetc.com\/index.php\/wp-json\/wp\/v2\/users\/1"}],"replies":[{"embeddable":true,"href":"https:\/\/guinguetteetc.com\/index.php\/wp-json\/wp\/v2\/comments?post=171"}],"version-history":[{"count":7,"href":"https:\/\/guinguetteetc.com\/index.php\/wp-json\/wp\/v2\/pages\/171\/revisions"}],"predecessor-version":[{"id":584,"href":"https:\/\/guinguetteetc.com\/index.php\/wp-json\/wp\/v2\/pages\/171\/revisions\/584"}],"wp:attachment":[{"href":"https:\/\/guinguetteetc.com\/index.php\/wp-json\/wp\/v2\/media?parent=171"}],"curies":[{"name":"wp","href":"https:\/\/api.w.org\/{rel}","templated":true}]}}