{"id":154,"date":"2025-01-23T11:56:11","date_gmt":"2025-01-23T10:56:11","guid":{"rendered":"http:\/\/guinguettedesingles.org\/?page_id=154"},"modified":"2025-12-04T11:44:17","modified_gmt":"2025-12-04T10:44:17","slug":"accueil","status":"publish","type":"page","link":"https:\/\/guinguetteetc.com\/","title":{"rendered":"L&rsquo;association"},"content":{"rendered":"\n<div class=\"wp-block-image is-style-default\"><figure class=\"aligncenter size-large\"><img loading=\"lazy\" width=\"1024\" height=\"724\" src=\"https:\/\/guinguetteetc.com\/wp-content\/uploads\/2025\/12\/teknoel-bis.pdf1_-1024x724.png\" alt=\"\" class=\"wp-image-727\" srcset=\"https:\/\/guinguetteetc.com\/wp-content\/uploads\/2025\/12\/teknoel-bis.pdf1_-1024x724.png 1024w, https:\/\/guinguetteetc.com\/wp-content\/uploads\/2025\/12\/teknoel-bis.pdf1_-300x212.png 300w, https:\/\/guinguetteetc.com\/wp-content\/uploads\/2025\/12\/teknoel-bis.pdf1_-768x543.png 768w, https:\/\/guinguetteetc.com\/wp-content\/uploads\/2025\/12\/teknoel-bis.pdf1_-1536x1086.png 1536w, https:\/\/guinguetteetc.com\/wp-content\/uploads\/2025\/12\/teknoel-bis.pdf1_.png 2000w\" sizes=\"(max-width: 1024px) 100vw, 1024px\" \/><\/figure><\/div>\n\n\n<h2><b>La Guinguette c\u2019est :<\/b><\/h2>\n<p><b>* Des <\/b><b>b\u00e9n\u00e9voles <\/b>qui proposent, bricolent, organisent, encadrent, participent&#8230;<\/p>\n<p><a href=\"http:\/\/guinguettedesingles.org\/wp-content\/uploads\/2019\/09\/Resized_20190607_212520_5073.jpeg\"><img loading=\"lazy\" class=\"size-medium wp-image-296 alignright\" src=\"http:\/\/guinguettedesingles.org\/wp-content\/uploads\/2019\/09\/Resized_20190607_212520_5073-300x225.jpeg\" alt=\"\" width=\"300\" height=\"225\" srcset=\"https:\/\/guinguetteetc.com\/wp-content\/uploads\/2019\/09\/Resized_20190607_212520_5073-300x225.jpeg 300w, https:\/\/guinguetteetc.com\/wp-content\/uploads\/2019\/09\/Resized_20190607_212520_5073-768x576.jpeg 768w, https:\/\/guinguetteetc.com\/wp-content\/uploads\/2019\/09\/Resized_20190607_212520_5073-1024x768.jpeg 1024w, https:\/\/guinguetteetc.com\/wp-content\/uploads\/2019\/09\/Resized_20190607_212520_5073.jpeg 1440w\" sizes=\"(max-width: 300px) 100vw, 300px\" \/><\/a><\/p>\n<p><b>*Une <\/b><b>soir\u00e9e concert <\/b><b>et\/ou <\/b><b>spectacle<\/b> (<em>voir onglet \u00ab\u00a0programmation\u00a0\u00bb<\/em>) :<\/p>\n<p>&gt;&gt; avec&nbsp;<b>casse-cro\u00fbte <\/b>et <b>boissons<\/b> sur place<\/p>\n<p><a href=\"http:\/\/guinguettedesingles.org\/wp-content\/uploads\/2019\/03\/P4073836.jpg\"><img loading=\"lazy\" class=\"size-medium wp-image-205 alignright\" src=\"http:\/\/guinguettedesingles.org\/wp-content\/uploads\/2019\/03\/P4073836-300x254.jpg\" alt=\"\" width=\"300\" height=\"254\" srcset=\"https:\/\/guinguetteetc.com\/wp-content\/uploads\/2019\/03\/P4073836-300x254.jpg 300w, https:\/\/guinguetteetc.com\/wp-content\/uploads\/2019\/03\/P4073836-768x650.jpg 768w, https:\/\/guinguetteetc.com\/wp-content\/uploads\/2019\/03\/P4073836-1024x867.jpg 1024w\" sizes=\"(max-width: 300px) 100vw, 300px\" \/><\/a><\/p>\n<p>* <strong>Des<\/strong> <b>ateliers <\/b><b>ou <\/b><b>animations, <\/b>selon les propositions des adh\u00e9rents&nbsp;(<em>voir onglet \u00ab\u00a0ateliers\u00a0\u00bb<\/em>)<\/p>\n<p><b>*La vente de <\/b><b>bons produits<br>\n<\/b><\/p>\n<h2><\/h2>\n<p>Les activit\u00e9s, les boisssons et repas sont \u00e0 * <b>PRIX LIBRE et CONSCIENT <\/b>*<\/p>\n<h4><strong>Voil\u00e0 une petite vid\u00e9o de pr\u00e9sentation faite par Guy Gatignol :<\/strong>&nbsp;<a href=\"https:\/\/www.youtube.com\/watch?v=5BoCX5i5UEc&amp;feature=youtu.be\">Video presentation de la Guinguette<\/a><\/h4>\n<h3>UN GRAND MERCI \u00c0 TOUS LES B\u00c9N\u00c9VOLES ET PARTENAIRES QUI NOUS PERMETTENT D\u2019EXISTER!<\/h3>\n<h2><b>Le b\u00e9n\u00e9volat est ouvert \u00e0 tous! N\u2019h\u00e9sitez pas \u00e0 proposer vos id\u00e9es d\u2019ateliers, animations, conf\u00e9rences, d\u00e9bats, etc!<\/b><\/h2>\n<p><a href=\"http:\/\/guinguettedesingles.org\/wp-content\/uploads\/2020\/03\/Resized_20190728_003208_6000.jpeg\"><img loading=\"lazy\" class=\"alignnone size-medium wp-image-364\" src=\"http:\/\/guinguettedesingles.org\/wp-content\/uploads\/2020\/03\/Resized_20190728_003208_6000-300x225.jpeg\" alt=\"\" width=\"300\" height=\"225\" srcset=\"https:\/\/guinguetteetc.com\/wp-content\/uploads\/2020\/03\/Resized_20190728_003208_6000-300x225.jpeg 300w, https:\/\/guinguetteetc.com\/wp-content\/uploads\/2020\/03\/Resized_20190728_003208_6000-768x576.jpeg 768w, https:\/\/guinguetteetc.com\/wp-content\/uploads\/2020\/03\/Resized_20190728_003208_6000-1024x768.jpeg 1024w, https:\/\/guinguetteetc.com\/wp-content\/uploads\/2020\/03\/Resized_20190728_003208_6000.jpeg 1440w\" sizes=\"(max-width: 300px) 100vw, 300px\" \/><\/a><\/p>\n<p>L&rsquo;Association La Guinguette Etc accepte la Doume, monnaie locale du Puy-de-D\u00f4me<\/p>\n<p><a href=\"http:\/\/guinguettedesingles.org\/wp-content\/uploads\/2020\/03\/Doume.jpg\"><img loading=\"lazy\" class=\"alignnone size-full wp-image-373\" src=\"http:\/\/guinguettedesingles.org\/wp-content\/uploads\/2020\/03\/Doume.jpg\" alt=\"\" width=\"288\" height=\"216\"><\/a><\/p>","protected":false},"excerpt":{"rendered":"<div class=\"slide-text-bg2\"><span>La Guinguette c\u2019est : * Des b\u00e9n\u00e9voles qui proposent, bricolent, organisent, encadrent, participent&#8230; *Une soir\u00e9e concert et\/ou spectacle (voir on<\/span><\/div>\n<div class=\"slide-btn-area-sm\"><a href=\"https:\/\/guinguetteetc.com\/\" class=\"slide-btn-sm\">Lire la suite<\/a><\/div>\n","protected":false},"author":1,"featured_media":0,"parent":0,"menu_order":0,"comment_status":"closed","ping_status":"closed","template":"fullwidth.php","meta":[],"_links":{"self":[{"href":"https:\/\/guinguetteetc.com\/index.php\/wp-json\/wp\/v2\/pages\/154"}],"collection":[{"href":"https:\/\/guinguetteetc.com\/index.php\/wp-json\/wp\/v2\/pages"}],"about":[{"href":"https:\/\/guinguetteetc.com\/index.php\/wp-json\/wp\/v2\/types\/page"}],"author":[{"embeddable":true,"href":"https:\/\/guinguetteetc.com\/index.php\/wp-json\/wp\/v2\/users\/1"}],"replies":[{"embeddable":true,"href":"https:\/\/guinguetteetc.com\/index.php\/wp-json\/wp\/v2\/comments?post=154"}],"version-history":[{"count":46,"href":"https:\/\/guinguetteetc.com\/index.php\/wp-json\/wp\/v2\/pages\/154\/revisions"}],"predecessor-version":[{"id":728,"href":"https:\/\/guinguetteetc.com\/index.php\/wp-json\/wp\/v2\/pages\/154\/revisions\/728"}],"wp:attachment":[{"href":"https:\/\/guinguetteetc.com\/index.php\/wp-json\/wp\/v2\/media?parent=154"}],"curies":[{"name":"wp","href":"https:\/\/api.w.org\/{rel}","templated":true}]}}