{"id":10,"date":"2018-06-04T22:15:41","date_gmt":"2018-06-04T20:15:41","guid":{"rendered":"http:\/\/guinguettedesingles.org\/?page_id=10"},"modified":"2025-12-04T11:12:36","modified_gmt":"2025-12-04T10:12:36","slug":"programmation","status":"publish","type":"page","link":"https:\/\/guinguetteetc.com\/index.php\/programmation\/","title":{"rendered":"Programmation culturelle"},"content":{"rendered":"\n<h1><em>Prochains \u00e9v\u00e9nements : en 2025<\/em><\/h1>\n\n\n\n<p><\/p>\n\n\n\n<h1 class=\"has-text-align-center\"><mark style=\"background-color:rgba(0, 0, 0, 0)\" class=\"has-inline-color has-luminous-vivid-orange-color\"><strong>***Samedi 20 d\u00e9cembre***<\/strong><\/mark><\/h1>\n\n\n\n<h2 class=\"has-text-align-center has-large-font-size\"><strong><em>C&rsquo;est TEKNOEL<\/em><\/strong>  <strong><em>2\u00e8me \u00e9dition<\/em><\/strong><\/h2>\n\n\n\n<h2 class=\"has-text-align-center\">21h00 : concert de Ba\u00efkal ( Rap, temp\u00eate, balkan &amp; gros son )<\/h2>\n\n\n\n<h2 class=\"has-text-align-center\">&amp;<\/h2>\n\n\n\n<h2 class=\"has-text-align-center\">Nuit \u00e9lectro et po\u00eale \u00e0 bois<\/h2>\n\n\n\n<p class=\"has-text-align-center\"><mark style=\"background-color:rgba(0, 0, 0, 0)\" class=\"has-inline-color has-vivid-red-color\"><strong>Bar &amp; soir\u00e9e \u00e0 prix libres<\/strong><\/mark><\/p>\n\n\n\n<p class=\"has-text-align-center\"><mark style=\"background-color:rgba(0, 0, 0, 0)\" class=\"has-inline-color has-vivid-red-color\"><strong> repas partag\u00e9<\/strong><\/mark> \u00e0 partir de 18h00 ( chacun.e peut emmener quelque chose \u00e0 grignoter ensemble )<\/p>\n\n\n\n<p class=\"has-text-align-center\"><strong>Oustouilloux \u00e0 Larodde, 17 route de Mandrin<\/strong><\/p>\n\n\n\n<div class=\"wp-block-image\"><figure class=\"aligncenter size-large is-resized\"><img loading=\"lazy\" src=\"https:\/\/guinguetteetc.com\/wp-content\/uploads\/2025\/11\/Teknoel-1-724x1024.png\" alt=\"\" class=\"wp-image-722\" width=\"457\" height=\"646\" srcset=\"https:\/\/guinguetteetc.com\/wp-content\/uploads\/2025\/11\/Teknoel-1-724x1024.png 724w, https:\/\/guinguetteetc.com\/wp-content\/uploads\/2025\/11\/Teknoel-1-212x300.png 212w, https:\/\/guinguetteetc.com\/wp-content\/uploads\/2025\/11\/Teknoel-1-768x1086.png 768w, https:\/\/guinguetteetc.com\/wp-content\/uploads\/2025\/11\/Teknoel-1-1086x1536.png 1086w, https:\/\/guinguetteetc.com\/wp-content\/uploads\/2025\/11\/Teknoel-1-1448x2048.png 1448w, https:\/\/guinguetteetc.com\/wp-content\/uploads\/2025\/11\/Teknoel-1.png 1587w\" sizes=\"(max-width: 457px) 100vw, 457px\" \/><\/figure><\/div>\n\n\n\n<p><\/p>\n","protected":false},"excerpt":{"rendered":"<div class=\"slide-text-bg2\"><span>Prochains \u00e9v\u00e9nements : en 2025 ***Samedi 20 d\u00e9cembre*** C&rsquo;est TEKNOEL 2\u00e8me \u00e9dition 21h00 : concert de Ba\u00efkal ( Rap, temp\u00eate, balkan &amp; gros<\/span><\/div>\n<div class=\"slide-btn-area-sm\"><a href=\"https:\/\/guinguetteetc.com\/index.php\/programmation\/\" class=\"slide-btn-sm\">Lire la suite<\/a><\/div>\n","protected":false},"author":1,"featured_media":109,"parent":0,"menu_order":3,"comment_status":"closed","ping_status":"closed","template":"fullwidth.php","meta":[],"_links":{"self":[{"href":"https:\/\/guinguetteetc.com\/index.php\/wp-json\/wp\/v2\/pages\/10"}],"collection":[{"href":"https:\/\/guinguetteetc.com\/index.php\/wp-json\/wp\/v2\/pages"}],"about":[{"href":"https:\/\/guinguetteetc.com\/index.php\/wp-json\/wp\/v2\/types\/page"}],"author":[{"embeddable":true,"href":"https:\/\/guinguetteetc.com\/index.php\/wp-json\/wp\/v2\/users\/1"}],"replies":[{"embeddable":true,"href":"https:\/\/guinguetteetc.com\/index.php\/wp-json\/wp\/v2\/comments?post=10"}],"version-history":[{"count":240,"href":"https:\/\/guinguetteetc.com\/index.php\/wp-json\/wp\/v2\/pages\/10\/revisions"}],"predecessor-version":[{"id":726,"href":"https:\/\/guinguetteetc.com\/index.php\/wp-json\/wp\/v2\/pages\/10\/revisions\/726"}],"wp:featuredmedia":[{"embeddable":true,"href":"https:\/\/guinguetteetc.com\/index.php\/wp-json\/wp\/v2\/media\/109"}],"wp:attachment":[{"href":"https:\/\/guinguetteetc.com\/index.php\/wp-json\/wp\/v2\/media?parent=10"}],"curies":[{"name":"wp","href":"https:\/\/api.w.org\/{rel}","templated":true}]}}